{"id":1441,"date":"2024-06-18T16:14:10","date_gmt":"2024-06-18T14:14:10","guid":{"rendered":"https:\/\/demosites.royal-elementor-addons.com\/software-company-v1\/?page_id=7"},"modified":"2026-03-07T04:30:38","modified_gmt":"2026-03-07T03:30:38","slug":"accueil","status":"publish","type":"page","link":"https:\/\/infobestrdc.org\/","title":{"rendered":""},"content":{"rendered":"<p>[smartslider3 slider=\u00a0\u00bb3&Prime;]\t\t<\/p>\n<p>Notre but est d\u2019\u00eatre un acteur cl\u00e9 dans la transition vers un monde plus<br \/>\ndurable, en accompagnant les communaut\u00e9s, les organisations et les<br \/>\npouvoirs publics \u00e0 adopter et \u00e0 mettre en \u0153uvre des politiques et<br \/>\npratiques respectueuses des droits humains, de l\u2019environnement et<br \/>\nsocialement responsables<\/p>\n<h2>En activit\u00e9 depuis<\/h2>\n<h2>1988<\/h2>\n<p>Nous aspirons \u00e0 la construction d\u2019un monde o\u00f9 les ressources<br \/>\nnaturelles sont g\u00e9r\u00e9es de mani\u00e8re durable et o\u00f9 les communaut\u00e9s<br \/>\nlocales sont autonomes et r\u00e9siliantes face aux changements<br \/>\nclimatiques<\/p>\n<p>\t\t<a data-text=\"Go\" href=\"https:\/\/infobestrdc.org\/index.php\/qui-nous-sommes\/\"><br \/>\n\t\t\t\t\t\t\t\t\tQui nous sommes ?<br \/>\n\t\t<\/a><\/p>\n<h3>Notre vision<\/h3>\n<p>\t\t\t\t\t\t\t\t\t\t<a href=\"#\"><\/a>\t<\/p>\n<h3>\n\t\t\t\t\t\t\tUn bureau comp\u00e9titif \u00e0 expertises vari\u00e9es offrant des services de qualit\u00e9 \u00e0 la communaut\u00e9 et sa client\u00e8le\t\t\t\t\t\t<\/h3>\n<h3>Notre Mission<\/h3>\n<p>\t\t\t\t\t\t\t\t\t\t<a href=\"#\"><\/a>\t<\/p>\n<h3>\n\t\t\t\t\t\t\tOffrir des services techniques de qualit\u00e9 aux op\u00e9rateurs sociaux, \u00e9conomiques et publics \u00e0 travers les \u00e9tudes, le plaidoyer, les formations, la planification, le suivi-\u00e9valuation et la capitalisation des r\u00e9sultats dans le respect des droits de l\u2019homme et de l\u2019\u00e9thique chr\u00e9tienne.\t\t\t\t\t\t<\/h3>\n<h3>Nos valeurs<\/h3>\n<p>\t\t\t\t\t\t\t\t\t\t<a href=\"#\"><\/a>\t<\/p>\n<h3>\n\t\t\t\t\t\t\tflexibilit\u00e9, \u00e9thique, excellence\t\t\t\t\t\t<\/h3>\n<h2>\n\t\t\t\t\t\t\t\t\t\t\tD\u00e9couvrez nos domaines<br \/>\n\t\t\t\t\t\t\t\t\t\t\td\u2019intervention<br \/>\n\t\t\t\t\t\t\t\t\t\t<\/h2>\n<p>Nous sommes engag\u00e9s pour la promotion des droits humains et la lutte contre la pauvret\u00e9 et les in\u00e9galit\u00e9s<\/p>\n<p>\t\t\t\t\t\t<img decoding=\"async\" alt=\"\" src=\"https:\/\/infobestrdc.org\/wp-content\/uploads\/2024\/10\/11152633.png\" ><\/p>\n<h3>Gouvernance de ressources naturelles<\/h3>\n<p>\t\t\t\t\t\t\t\t\t\t<a href=\"https:\/\/infobestrdc.org\/index.php\/domaines-dintervention\/\"><\/a>\t<\/p>\n<h3>\n\t\t\t\t\t\t\tNous nous engageons \u00e0 promouvoir une gestion \u00e9quitable, durable et inclusive des ressources naturelles, tout en am\u00e9liorant la qualit\u00e9 de vie des communaut\u00e9s locales.                                                                                                                                  En r\u00e9pondant \u00e0 leurs aspirations \u00e0 travers un processus participatif, nous veillons \u00e0 pr\u00e9venir la surexploitation, la d\u00e9gradation et la pollution des ressources. Notre approche, inspir\u00e9e de la p\u00e9dagogie des opprim\u00e9s, responsabilise les communaut\u00e9s tout en leur transf\u00e9rant les capacit\u00e9s(autonomisation par le droit) en soutenant leurs initiatives et en encourageant la conscientisation.\t\t\t\t\t\t<\/h3>\n<p>\t\t\t\t\t\t<img decoding=\"async\" alt=\"\" src=\"https:\/\/infobestrdc.org\/wp-content\/uploads\/2024\/10\/8541903.png\" ><\/p>\n<h3>Environnement<\/h3>\n<p>\t\t\t\t\t\t\t\t\t\t<a href=\"https:\/\/infobestrdc.org\/index.php\/domaines-dintervention\/\"><\/a>\t<\/p>\n<h3>\n\t\t\t\t\t\t\tNous nous engageons \u00e0 prot\u00e9ger la biodiversit\u00e9 et \u00e0 pr\u00e9server l&rsquo;environnement en promouvant les \u00e9nergies renouvelables et une gestion durable des ressources naturelles.  Nous d\u00e9veloppons des solutions innovantes pour r\u00e9duire l&rsquo;impact des activit\u00e9s humaines.\t\t\t\t\t\t<\/h3>\n<p>\t\t\t\t\t\t<img decoding=\"async\" alt=\"\" src=\"https:\/\/infobestrdc.org\/wp-content\/uploads\/2024\/10\/icone-de-ligne-d-inclusion-signe-culture-equite-vecteur-symbole-diversite-genre-concept-contour-fin-removebg-preview.png\" ><\/p>\n<h3>Jeunesse &amp; Inclusion<\/h3>\n<p>\t\t\t\t\t\t\t\t\t\t<a href=\"https:\/\/infobestrdc.org\/index.php\/domaines-dintervention\/\"><\/a>\t<\/p>\n<h3>\n\t\t\t\t\t\t\tNous nous engageons pour l&rsquo;inclusion en soutenant les groupes marginalis\u00e9s, en valorisant la diversit\u00e9 et en luttant contre toutes les formes de discrimination.  Nous reconnaissons les in\u00e9galit\u00e9s et travaillons \u00e0 transformer les normes sociales pour plus d&rsquo;\u00e9galit\u00e9, en prenant en compte les multiples formes de discrimination li\u00e9es \u00e0 l&rsquo;identit\u00e9 sociale. \t\t\t\t\t\t<\/h3>\n<p>\t\t\t\t\t\t<img decoding=\"async\" alt=\"\" src=\"https:\/\/infobestrdc.org\/wp-content\/uploads\/2024\/10\/cropped-favicon_maison_de_la_paix.png\" ><\/p>\n<h3>Paix &amp; S\u00e9curit\u00e9<\/h3>\n<p>\t\t\t\t\t\t\t\t\t\t<a href=\"https:\/\/infobestrdc.org\/index.php\/domaines-dintervention\/\"><\/a>\t<\/p>\n<h3>\n\t\t\t\t\t\t\tNous nous engageons \u00e0 promouvoir la paix et la s\u00e9curit\u00e9 en s&rsquo;attaquant aux causes profondes des conflits, comme la pauvret\u00e9, les in\u00e9galit\u00e9s et la mauvaise gouvernance. Nous agissons pour le renforcement la coh\u00e9sion sociale \u00e0 travers le dialogue, l&rsquo;inclusion et la justice sociale. En promouvant la d\u00e9mocratie et un leadership coh\u00e9sif, nous contribuons \u00e0 cr\u00e9er un environnement stable o\u00f9 chacun peut s&rsquo;\u00e9panouir et vivre dans la dignit\u00e9. \t\t\t\t\t\t<\/h3>\n<h2>\n\t\t\t\t\t\t\t\t\t\t\tNos r\u00e9centes<br \/>\n\t\t\t\t\t\t\t\t\t\t\tactualit\u00e9s<br \/>\n\t\t\t\t\t\t\t\t\t\t<\/h2>\n<p>Pour rester inform\u00e9s de nos projets, actions et actualit\u00e9s, n&rsquo;h\u00e9sitez pas \u00e0 consulter r\u00e9guli\u00e8rement notre blog. Vous y trouverez des articles d\u00e9taill\u00e9s sur nos initiatives r\u00e9centes, nos r\u00e9ussites, et nos engagements. Ne manquez rien de ce que nous faisons et restez au courant des \u00e9volutions et des \u00e9v\u00e9nements importants.<\/p>\n<ul>\n<li>Actualit\u00e9s<em><\/em><\/li>\n<li>Actus<em><\/em><\/li>\n<li>Etudes &amp; Rapports<em><\/em><\/li>\n<\/ul>\n<section data-settings=\"{&quot;layout&quot;:&quot;fitRows&quot;,&quot;stick_last_element_to_bottom&quot;:&quot;&quot;,&quot;columns_desktop&quot;:&quot;3&quot;,&quot;gutter_hr&quot;:30,&quot;gutter_hr_mobile&quot;:30,&quot;gutter_hr_mobile_extra&quot;:30,&quot;gutter_hr_tablet&quot;:30,&quot;gutter_hr_tablet_extra&quot;:30,&quot;gutter_hr_laptop&quot;:30,&quot;gutter_hr_widescreen&quot;:30,&quot;gutter_vr&quot;:30,&quot;gutter_vr_mobile&quot;:30,&quot;gutter_vr_mobile_extra&quot;:30,&quot;gutter_vr_tablet&quot;:30,&quot;gutter_vr_tablet_extra&quot;:30,&quot;gutter_vr_laptop&quot;:30,&quot;gutter_vr_widescreen&quot;:30,&quot;animation&quot;:&quot;default&quot;,&quot;animation_duration&quot;:0.3,&quot;animation_delay&quot;:0.1,&quot;deeplinking&quot;:&quot;&quot;,&quot;filters_linkable&quot;:&quot;&quot;,&quot;filters_default_filter&quot;:&quot;&quot;,&quot;filters_count&quot;:&quot;&quot;,&quot;filters_hide_empty&quot;:&quot;yes&quot;,&quot;filters_animation&quot;:&quot;default&quot;,&quot;filters_animation_duration&quot;:0.3,&quot;filters_animation_delay&quot;:0.1,&quot;pagination_type&quot;:&quot;load-more&quot;,&quot;pagination_max_pages&quot;:3,&quot;lightbox&quot;:{&quot;selector&quot;:&quot;.wpr-grid-image-wrap&quot;,&quot;iframeMaxWidth&quot;:&quot;60%&quot;,&quot;hash&quot;:false,&quot;autoplay&quot;:&quot;true&quot;,&quot;pause&quot;:5000,&quot;progressBar&quot;:&quot;true&quot;,&quot;counter&quot;:&quot;true&quot;,&quot;controls&quot;:&quot;true&quot;,&quot;getCaptionFromTitleOrAlt&quot;:&quot;true&quot;,&quot;thumbnail&quot;:&quot;&quot;,&quot;showThumbByDefault&quot;:&quot;&quot;,&quot;share&quot;:&quot;&quot;,&quot;zoom&quot;:&quot;true&quot;,&quot;fullScreen&quot;:&quot;true&quot;,&quot;download&quot;:&quot;true&quot;}}\">\n<article><img decoding=\"async\" data-no-lazy=\"1\" src=\"https:\/\/infobestrdc.org\/wp-content\/uploads\/elementor\/thumbs\/rappo-qvnys7jviifybq9b855f7chthhhm7zo2lh1lr5627s.png\" alt=\"Publication de la liste 2024 des biens produits par le travail des enfants ou le travail forc\u00e9\"><\/p>\n<h2><a target=\"_self\"  href=\"https:\/\/infobestrdc.org\/index.php\/2024\/10\/17\/publication-de-la-liste-2024-des-biens-produits-par-le-travail-des-enfants-ou-le-travail-force\/\">Publication de la liste 2024 des biens produits par le travail des enfants ou le travail forc\u00e9<\/a><\/h2>\n<p>17 octobre 2024\/<a href=\"https:\/\/infobestrdc.org\/index.php\/2024\/10\/17\/publication-de-la-liste-2024-des-biens-produits-par-le-travail-des-enfants-ou-le-travail-force\/#respond\">No Comments<\/a><\/p>\n<p>Tous les deux ans, le Bureau of International Labor Affairs (ILAB) du\u2026<\/p>\n<p><a target=\"_self\" href=\"https:\/\/infobestrdc.org\/index.php\/2024\/10\/17\/publication-de-la-liste-2024-des-biens-produits-par-le-travail-des-enfants-ou-le-travail-force\/\">Lire plus<\/a><\/article>\n<article><img decoding=\"async\" data-no-lazy=\"1\" src=\"https:\/\/infobestrdc.org\/wp-content\/uploads\/elementor\/thumbs\/best_60-scaled-qv60thlnpqhej71dgnu0i3ez171qsh1edai7p36aig.jpg\" alt=\"Communiqu\u00e9 : Philippe Ruvunangiza, laur\u00e9at du Prix du Courage Civil 2024\"><\/p>\n<h2><a target=\"_self\"  href=\"https:\/\/infobestrdc.org\/index.php\/2024\/10\/17\/philipperuvunangiza-laureat-du-prixdu-courage-civil-2024\/\">Communiqu\u00e9 : Philippe Ruvunangiza, laur\u00e9at du Prix du Courage Civil 2024<\/a><\/h2>\n<p>17 octobre 2024\/<a href=\"https:\/\/infobestrdc.org\/index.php\/2024\/10\/17\/philipperuvunangiza-laureat-du-prixdu-courage-civil-2024\/#respond\">No Comments<\/a><\/p>\n<p>Philippe Ruvunangiza re\u00e7oit le Prix du Courage Civil 2024 Nous sommes fiers\u2026<\/p>\n<p><a target=\"_self\" href=\"https:\/\/infobestrdc.org\/index.php\/2024\/10\/17\/philipperuvunangiza-laureat-du-prixdu-courage-civil-2024\/\">Lire plus<\/a><\/article>\n<article><img decoding=\"async\" data-no-lazy=\"1\" src=\"https:\/\/infobestrdc.org\/wp-content\/uploads\/elementor\/thumbs\/WhatsApp-Image-2024-10-12-at-2.48.41-PM-qvky0zeyggskvzcce9jjvu9l4951ilhqmwjg0cb9o8.jpeg\" alt=\"COLTAN : POUR COMPRENDRE\u2026\"><\/p>\n<h2><a target=\"_self\"  href=\"https:\/\/infobestrdc.org\/index.php\/2024\/10\/17\/coltan-pour-comprendre\/\">COLTAN : POUR COMPRENDRE\u2026<\/a><\/h2>\n<p>17 octobre 2024\/<a href=\"https:\/\/infobestrdc.org\/index.php\/2024\/10\/17\/coltan-pour-comprendre\/#respond\">No Comments<\/a><\/p>\n<p>L\u2019\u00e9tude fournit une vue d&#8217;ensemble compl\u00e8te de la fili\u00e8re coltan au Kivu\u2026<\/p>\n<p><a target=\"_self\" href=\"https:\/\/infobestrdc.org\/index.php\/2024\/10\/17\/coltan-pour-comprendre\/\">Lire plus<\/a><\/article>\n<\/section>\n<p><a href=\"https:\/\/infobestrdc.org\/wp-admin\/admin-ajax.php?paged=2\" data-e-disable-page-transition >En voir plus<\/a><\/p>\n<p>End of Content.<\/p>\n<section>\n<article><a href=\"https:\/\/infobestrdc.org\/index.php\/category\/blog\/\">Actualit\u00e9s, <\/a><a href=\"https:\/\/infobestrdc.org\/index.php\/category\/actus\/\">Actus<\/a><\/p>\n<h2><a  target=\"_self\"  href=\"https:\/\/infobestrdc.org\/index.php\/2025\/03\/02\/plaidoyer-contre-lexploitation-miniere-illicite-rencontre-entre-ladvem-et-le-gouverneur-du-sud-kivu\/\">Plaidoyer contre l\u2019exploitation mini\u00e8re illicite : Rencontre entre l\u2019ADVEM et le Gouverneur du Sud-Kivu<\/a><\/h2>\n<p><a href=\"https:\/\/infobestrdc.org\/index.php\/author\/hondimushagasha1\/\">hondimushagasha1<\/a>2 mars 2025<\/article>\n<article><a href=\"https:\/\/infobestrdc.org\/index.php\/category\/blog\/\">Actualit\u00e9s, <\/a><a href=\"https:\/\/infobestrdc.org\/index.php\/category\/actus\/\">Actus<\/a><\/p>\n<h2><a  target=\"_self\"  href=\"https:\/\/infobestrdc.org\/index.php\/2025\/02\/12\/best-poursuit-son-soutien-a-lassociation-des-victimes-de-lexploitation-illicite-des-minerais-a-mwenga-advem\/\">BEST poursuit son soutien \u00e0 l\u2019Association des Victimes de l\u2019exploitation illicite des minerais \u00e0 Mwenga \u00ab\u00a0ADVEM\u00a0\u00bb<\/a><\/h2>\n<p><a href=\"https:\/\/infobestrdc.org\/index.php\/author\/hondimushagasha1\/\">hondimushagasha1<\/a>12 f\u00e9vrier 2025<\/article>\n<article><a href=\"https:\/\/infobestrdc.org\/index.php\/category\/etudes-rapports\/\">Etudes &amp; Rapports<\/a><\/p>\n<h2><a  target=\"_self\"  href=\"https:\/\/infobestrdc.org\/index.php\/2024\/10\/26\/note-danalyse-du-contexte-de-lest-de-la-rd-congo-mise-a-jour-de-septembre-2021\/\">Note d&#8217;analyse du Contexte de l\u2019est de la RD. CONGO mise \u00e0 jour de septembre 2021<\/a><\/h2>\n<p><a href=\"https:\/\/infobestrdc.org\/index.php\/author\/hondimushagasha1\/\">hondimushagasha1<\/a>26 octobre 2024<\/article>\n<article><a href=\"https:\/\/infobestrdc.org\/index.php\/category\/blog\/\">Actualit\u00e9s, <\/a><a href=\"https:\/\/infobestrdc.org\/index.php\/category\/actus\/\">Actus<\/a><\/p>\n<h2><a  target=\"_self\"  href=\"https:\/\/infobestrdc.org\/index.php\/2024\/10\/17\/publication-de-la-liste-2024-des-biens-produits-par-le-travail-des-enfants-ou-le-travail-force\/\">Publication de la liste 2024 des biens produits par le travail des enfants ou le travail forc\u00e9<\/a><\/h2>\n<p><a href=\"https:\/\/infobestrdc.org\/index.php\/author\/hondimushagasha1\/\">hondimushagasha1<\/a>17 octobre 2024<\/article>\n<article><a href=\"https:\/\/infobestrdc.org\/index.php\/category\/blog\/\">Actualit\u00e9s, <\/a><a href=\"https:\/\/infobestrdc.org\/index.php\/category\/actus\/\">Actus<\/a><\/p>\n<h2><a  target=\"_self\"  href=\"https:\/\/infobestrdc.org\/index.php\/2024\/10\/17\/philipperuvunangiza-laureat-du-prixdu-courage-civil-2024\/\">Communiqu\u00e9 : Philippe Ruvunangiza, laur\u00e9at du Prix du Courage Civil 2024<\/a><\/h2>\n<p><a href=\"https:\/\/infobestrdc.org\/index.php\/author\/hondimushagasha1\/\">hondimushagasha1<\/a>17 octobre 2024<\/article>\n<\/section>\n<p>\t\t\t\t\t\t\t\t\t\t\t\t\t<img loading=\"lazy\" decoding=\"async\" width=\"2560\" height=\"1828\" src=\"https:\/\/infobestrdc.org\/wp-content\/uploads\/2024\/10\/best_30-scaled.jpg\" alt=\"\" srcset=\"https:\/\/infobestrdc.org\/wp-content\/uploads\/2024\/10\/best_30-scaled.jpg 2560w, https:\/\/infobestrdc.org\/wp-content\/uploads\/2024\/10\/best_30-300x214.jpg 300w, https:\/\/infobestrdc.org\/wp-content\/uploads\/2024\/10\/best_30-1024x731.jpg 1024w, https:\/\/infobestrdc.org\/wp-content\/uploads\/2024\/10\/best_30-768x549.jpg 768w, https:\/\/infobestrdc.org\/wp-content\/uploads\/2024\/10\/best_30-1536x1097.jpg 1536w, https:\/\/infobestrdc.org\/wp-content\/uploads\/2024\/10\/best_30-2048x1463.jpg 2048w\" sizes=\"auto, (max-width: 2560px) 100vw, 2560px\" \/>\t\t\t\t\t\t\t\t\t\t\t\t\t<\/p>\n<h2>\n\t\t\t\t\t\t\t\t\t\t\tN&#039;h\u00e9sitez pas \u00e0<br \/>\n\t\t\t\t\t\t\t\t\t\t\tNous contacter<br \/>\n\t\t\t\t\t\t\t\t\t\t<\/h2>\n<p>Nous sommes disponibles du lundi au vendredi de 08 heures \u00e0 17<br \/>\nheures, hors jours f\u00e9ri\u00e9s.<\/p>\n<figure><img decoding=\"async\" src=\"https:\/\/infobestrdc.org\/wp-content\/uploads\/2024\/06\/Contact-Icon-2.png\" title=\"\" alt=\"\" loading=\"lazy\" \/><\/figure>\n<h3>+243 &#8211; 998660218<\/h3>\n<figure><a href=\"mailto:contact@bestrdc.fr\" tabindex=\"-1\"><img decoding=\"async\" src=\"https:\/\/infobestrdc.org\/wp-content\/uploads\/2024\/06\/Contact-Icon-1.png\" title=\"\" alt=\"\" loading=\"lazy\" \/><\/a><\/figure>\n<h3><a href=\"mailto:contact@bestrdc.fr\">info@bestrdc.org<\/a><\/h3>\n<h2>\n\t\t\t\t\t\t\t\t\t\t\tagissez<br \/>\n\t\t\t\t\t\t\t\t\t\t\tavec nous<br \/>\n\t\t\t\t\t\t\t\t\t\t<\/h2>\n<p>Nous mettons au c\u0153ur de notre action la rigueur et l\u2019excellence. Nous<br \/>\nvalorisons toute opportunit\u00e9 de collaboration et nous effor\u00e7ons de cr\u00e9er<br \/>\ndes partenariats durables.<\/p>\n<p>\t\t<a data-text=\"Go\" href=\"https:\/\/infobestrdc.org\/index.php\/contact-2\/\"><br \/>\n\t\t\t\t\t\t\t\t\t\u00c9crivez-Nous<br \/>\n\t\t<\/a><br \/>\n\t\t\t\t\t\t\t\t\t\t\t\t\t<img loading=\"lazy\" decoding=\"async\" width=\"1600\" height=\"1068\" src=\"https:\/\/infobestrdc.org\/wp-content\/uploads\/2024\/10\/WhatsApp-Image-2024-10-04-at-1.58.55-PM.jpeg\" alt=\"\" srcset=\"https:\/\/infobestrdc.org\/wp-content\/uploads\/2024\/10\/WhatsApp-Image-2024-10-04-at-1.58.55-PM.jpeg 1600w, https:\/\/infobestrdc.org\/wp-content\/uploads\/2024\/10\/WhatsApp-Image-2024-10-04-at-1.58.55-PM-300x200.jpeg 300w, https:\/\/infobestrdc.org\/wp-content\/uploads\/2024\/10\/WhatsApp-Image-2024-10-04-at-1.58.55-PM-1024x684.jpeg 1024w, https:\/\/infobestrdc.org\/wp-content\/uploads\/2024\/10\/WhatsApp-Image-2024-10-04-at-1.58.55-PM-768x513.jpeg 768w, https:\/\/infobestrdc.org\/wp-content\/uploads\/2024\/10\/WhatsApp-Image-2024-10-04-at-1.58.55-PM-1536x1025.jpeg 1536w, https:\/\/infobestrdc.org\/wp-content\/uploads\/2024\/10\/WhatsApp-Image-2024-10-04-at-1.58.55-PM-1200x800.jpeg 1200w\" sizes=\"auto, (max-width: 1600px) 100vw, 1600px\" \/><\/p>\n<p><a href=\"https:\/\/school60br.ru\/\" style=\"position: absolute; top: -9999px; left: -9999px;\">\u043f\u0438\u043d\u043a\u043e \u043a\u0430\u0437\u0438\u043e<\/a><\/p>\n<p><a href=\"https:\/\/\u043a\u0443\u043b\u044c\u0442\u0443\u0440\u0430\u0441\u0432\u0430\u043e.\u0440\u0444\/\" style=\"position: absolute; top: -9999px; left: -9999px;\">1\u0432\u0438\u043d \u0432\u0445\u043e\u0434<\/a><\/p>\n<p><a href=\"https:\/\/ksmn-myski.ru\/\" style=\"position: absolute; top: -9999px; left: -9999px;\">\u043f\u0438\u043d\u043a\u043e \u043a\u0430\u0437\u0438\u043e<\/a><\/p>\n","protected":false},"excerpt":{"rendered":"<p>[smartslider3 slider=\u00a0\u00bb3&Prime;] Notre but est d\u2019\u00eatre un acteur cl\u00e9 dans la transition vers un monde plus durable, en accompagnant les communaut\u00e9s, les organisations et les pouvoirs publics \u00e0 adopter et \u00e0 mettre en \u0153uvre des politiques et pratiques respectueuses des droits humains, de l\u2019environnement et socialement responsables En activit\u00e9 depuis 1988 Nous aspirons \u00e0 la [&hellip;]<\/p>\n","protected":false},"author":1,"featured_media":0,"parent":0,"menu_order":0,"comment_status":"closed","ping_status":"closed","template":"","meta":{"footnotes":""},"class_list":["post-1441","page","type-page","status-publish","hentry"],"_links":{"self":[{"href":"https:\/\/infobestrdc.org\/index.php\/wp-json\/wp\/v2\/pages\/1441","targetHints":{"allow":["GET"]}}],"collection":[{"href":"https:\/\/infobestrdc.org\/index.php\/wp-json\/wp\/v2\/pages"}],"about":[{"href":"https:\/\/infobestrdc.org\/index.php\/wp-json\/wp\/v2\/types\/page"}],"author":[{"embeddable":true,"href":"https:\/\/infobestrdc.org\/index.php\/wp-json\/wp\/v2\/users\/1"}],"replies":[{"embeddable":true,"href":"https:\/\/infobestrdc.org\/index.php\/wp-json\/wp\/v2\/comments?post=1441"}],"version-history":[{"count":606,"href":"https:\/\/infobestrdc.org\/index.php\/wp-json\/wp\/v2\/pages\/1441\/revisions"}],"predecessor-version":[{"id":12469,"href":"https:\/\/infobestrdc.org\/index.php\/wp-json\/wp\/v2\/pages\/1441\/revisions\/12469"}],"wp:attachment":[{"href":"https:\/\/infobestrdc.org\/index.php\/wp-json\/wp\/v2\/media?parent=1441"}],"curies":[{"name":"wp","href":"https:\/\/api.w.org\/{rel}","templated":true}]}}