{"id":1444,"date":"2024-06-18T16:14:39","date_gmt":"2024-06-18T14:14:39","guid":{"rendered":"https:\/\/demosites.royal-elementor-addons.com\/software-company-v1\/?page_id=10"},"modified":"2024-10-28T14:30:14","modified_gmt":"2024-10-28T13:30:14","slug":"nos-projets","status":"publish","type":"page","link":"https:\/\/infobestrdc.org\/index.php\/nos-projets\/","title":{"rendered":"Portfolio"},"content":{"rendered":"<h2>NOS PROJETS<\/h2>\n<p>\t\t\t\t\t\t<a href=\"https:\/\/infobestrdc.org\/index.php\/initiative-strategique-combattre-les-inegalites-2\/\"><\/a>\t<\/p>\n<h3>Initiative strat\u00e9gique : combattre les in\u00e9galit\u00e9s<\/h3>\n<p>\t\t\t\t\t\t<a href=\"https:\/\/infobestrdc.org\/index.php\/projet-barometre\/\"><\/a>\t<\/p>\n<h3>Le Barom\u00e8tre National de Responsabilit\u00e9 Sociale des Entreprises<\/h3>\n<p>\t\t\t\t\t\t<a href=\"https:\/\/infobestrdc.org\/index.php\/developpement-dune-approche-basee-sur-la-perception\/\"><\/a>\t<\/p>\n<h3>D\u00e9veloppement d\u2019une approche bas\u00e9e sur la perception, l\u2019\u00e9valuation, la pr\u00e9vention, l\u2019\u00e9vitement et l\u2019att\u00e9nuation des risques d\u2019impacts environnementaux et de catastrophes les plus r\u00e9currents dans et autour des sites miniers de Kalimbi (Nyabibwe, Kalehe) et de D3 Mobale (Kamituga, Mwenga).<\/h3>\n<p>\t\t\t\t\t\t<a href=\"https:\/\/infobestrdc.org\/index.php\/les-femmes-et-les-hommes-ensemble-organises-et-engages-pour-la-paixjuste-dans-leurs-communautes\/\"><\/a>\t<\/p>\n<h3>Les femmes et les hommes ensemble organis\u00e9s et engag\u00e9s pour la paix juste dans leurs communaut\u00e9s<\/h3>\n<h2>\n\t\t\t\t\t\t\t\t\t\t\tLocalisez<br \/>\n\t\t\t\t\t\t\t\t\t\t\tnos zones d&#039;action.<br \/>\n\t\t\t\t\t\t\t\t\t\t<\/h2>\n<p>\t\t\t<!-- Backend Block --><\/p>\n<h5>Open User Map<\/h5>\n<p>\n\t\t\t\t\tThis block will show your Locations on a map in the front end.\t\t\t\t<\/p>\n<p>\n\t\t\t\t\t\t\t\t<strong>Custom Map Position (optional):<\/strong>\n\t\t\t\t\t\t\t<\/p>\n<p>\t\t\t\t\t\t\t\t\t\t<label>Latitude<\/label><br \/>\n\t\t\t\t\t\t\t\t\t\t<input type=\"text\" value=\"\" disabled><br \/>\n\t\t\t\t\t\t\t\t\t\t<label>Longitude<\/label><br \/>\n\t\t\t\t\t\t\t\t\t\t<input type=\"text\" value=\"\" disabled><br \/>\n\t\t\t\t\t\t\t\t\t\t<label>Zoom<\/label><br \/>\n\t\t\t\t\t\t\t\t\t\t<input type=\"text\" value=\"3\" disabled><\/p>\n<h2>\n\t\t\t\t\t\t\t\t\t\t\tNos<br \/>\n\t\t\t\t\t\t\t\t\t\t\tpartenaires<br \/>\n\t\t\t\t\t\t\t\t\t\t<\/h2>\n<p>\t\t\t\t\t\t\t\t\t\t\t\t\t<img loading=\"lazy\" decoding=\"async\" width=\"225\" height=\"225\" src=\"https:\/\/infobestrdc.org\/wp-content\/uploads\/2024\/10\/Untitled-design-26.png\" alt=\"\" srcset=\"https:\/\/infobestrdc.org\/wp-content\/uploads\/2024\/10\/Untitled-design-26.png 225w, https:\/\/infobestrdc.org\/wp-content\/uploads\/2024\/10\/Untitled-design-26-150x150.png 150w\" sizes=\"auto, (max-width: 225px) 100vw, 225px\" \/><br \/>\n\t\t\t\t\t\t\t\t\t\t\t\t\t<img loading=\"lazy\" decoding=\"async\" width=\"137\" height=\"75\" src=\"https:\/\/infobestrdc.org\/wp-content\/uploads\/2024\/03\/parte-4.png\" alt=\"\" \/><br \/>\n\t\t\t\t\t\t\t\t\t\t\t\t\t<img loading=\"lazy\" decoding=\"async\" width=\"130\" height=\"76\" src=\"https:\/\/infobestrdc.org\/wp-content\/uploads\/2024\/03\/parte3.png\" alt=\"\" \/><br \/>\n\t\t\t\t\t\t\t\t\t\t\t\t\t<img loading=\"lazy\" decoding=\"async\" width=\"156\" height=\"65\" src=\"https:\/\/infobestrdc.org\/wp-content\/uploads\/2024\/03\/parte2.png\" alt=\"\" \/><br \/>\n\t\t\t\t\t\t\t\t\t\t\t\t\t<img loading=\"lazy\" decoding=\"async\" width=\"157\" height=\"101\" src=\"https:\/\/infobestrdc.org\/wp-content\/uploads\/2024\/05\/Image5-best-1-1.png\" alt=\"\" \/><br \/>\n\t\t\t\t\t\t\t\t\t\t\t\t\t<img loading=\"lazy\" decoding=\"async\" width=\"189\" height=\"108\" src=\"https:\/\/infobestrdc.org\/wp-content\/uploads\/2024\/05\/Image4-best-1.png\" alt=\"\" \/><br \/>\n\t\t\t\t\t\t\t\t\t\t\t\t\t<img loading=\"lazy\" decoding=\"async\" width=\"591\" height=\"422\" src=\"https:\/\/infobestrdc.org\/wp-content\/uploads\/2024\/10\/best_30-removebg-preview.png\" alt=\"\" srcset=\"https:\/\/infobestrdc.org\/wp-content\/uploads\/2024\/10\/best_30-removebg-preview.png 591w, https:\/\/infobestrdc.org\/wp-content\/uploads\/2024\/10\/best_30-removebg-preview-300x214.png 300w\" sizes=\"auto, (max-width: 591px) 100vw, 591px\" \/>\t\t\t\t\t\t\t\t\t\t\t\t\t<\/p>\n<h2>\n\t\t\t\t\t\t\t\t\t\t\tGalerie<br \/>\n\t\t\t\t\t\t\t\t\t\t<\/h2>\n<p>\t\t[smartslider3 slider=\u00a0\u00bb6&Prime;]<\/p>\n","protected":false},"excerpt":{"rendered":"<p>NOS PROJETS Initiative strat\u00e9gique : combattre les in\u00e9galit\u00e9s Le Barom\u00e8tre National de Responsabilit\u00e9 Sociale des Entreprises D\u00e9veloppement d\u2019une approche bas\u00e9e sur la perception, l\u2019\u00e9valuation, la pr\u00e9vention, l\u2019\u00e9vitement et l\u2019att\u00e9nuation des risques d\u2019impacts environnementaux et de catastrophes les plus r\u00e9currents dans et autour des sites miniers de Kalimbi (Nyabibwe, Kalehe) et de D3 Mobale (Kamituga, Mwenga). [&hellip;]<\/p>\n","protected":false},"author":1,"featured_media":0,"parent":0,"menu_order":0,"comment_status":"closed","ping_status":"closed","template":"elementor_canvas","meta":{"footnotes":""},"class_list":["post-1444","page","type-page","status-publish","hentry"],"_links":{"self":[{"href":"https:\/\/infobestrdc.org\/index.php\/wp-json\/wp\/v2\/pages\/1444","targetHints":{"allow":["GET"]}}],"collection":[{"href":"https:\/\/infobestrdc.org\/index.php\/wp-json\/wp\/v2\/pages"}],"about":[{"href":"https:\/\/infobestrdc.org\/index.php\/wp-json\/wp\/v2\/types\/page"}],"author":[{"embeddable":true,"href":"https:\/\/infobestrdc.org\/index.php\/wp-json\/wp\/v2\/users\/1"}],"replies":[{"embeddable":true,"href":"https:\/\/infobestrdc.org\/index.php\/wp-json\/wp\/v2\/comments?post=1444"}],"version-history":[{"count":246,"href":"https:\/\/infobestrdc.org\/index.php\/wp-json\/wp\/v2\/pages\/1444\/revisions"}],"predecessor-version":[{"id":4061,"href":"https:\/\/infobestrdc.org\/index.php\/wp-json\/wp\/v2\/pages\/1444\/revisions\/4061"}],"wp:attachment":[{"href":"https:\/\/infobestrdc.org\/index.php\/wp-json\/wp\/v2\/media?parent=1444"}],"curies":[{"name":"wp","href":"https:\/\/api.w.org\/{rel}","templated":true}]}}