{"id":2490,"date":"2024-10-15T07:36:45","date_gmt":"2024-10-15T05:36:45","guid":{"rendered":"https:\/\/infobestrdc.org\/?page_id=2490"},"modified":"2024-10-27T16:13:00","modified_gmt":"2024-10-27T15:13:00","slug":"pere-didier-de-failly","status":"publish","type":"page","link":"https:\/\/infobestrdc.org\/index.php\/pere-didier-de-failly\/","title":{"rendered":"p\u00e8re Didier de Failly"},"content":{"rendered":"<h2>P\u00e8re Didier De Failly, sj.<\/h2>\n<h2>Un pilier du d\u00e9veloppement au Sud-Kivu<\/h2>\n<p>Le P\u00e8re Didier De Failly, sj. j\u00e9suite belge, a consacr\u00e9 une grande partie de sa<br \/>\nvie au service des communaut\u00e9s du Sud-Kivu en R\u00e9publique D\u00e9mocratique<br \/>\ndu Congo. Arriv\u00e9 en RDC en 1966, il a acquis une solide expertise en<br \/>\nsociologie rurale et en d\u00e9veloppement international.<br \/>\nDe f\u00e9vrier 1997 \u00e0 d\u00e9cembre 2014, il a dirig\u00e9 le Bureau d\u2019\u00c9tudes<br \/>\nScientifiques et Techniques (BEST), marquant cette p\u00e9riode de son<br \/>\nengagement ind\u00e9fectible. Sous sa direction, le BEST est devenu un acteur<br \/>\ncl\u00e9 de la recherche et du plaidoyer pour un d\u00e9veloppement durable et<br \/>\n\u00e9quitable au Sud-Kivu.\n<\/p>\n<h2>Un expert reconnu<br \/>\n<\/h2>\n<p>Ses travaux de recherche, notamment sur le secteur minier, ont fait de lui<br \/>\nune r\u00e9f\u00e9rence incontournable. Ses publications, telles que \u00ab\u00a0Coltan : pour<br \/>\ncomprendre&#8230;\u00a0\u00bb (2001) et \u00ab\u00a0Le secteur minier en RDC : quelle transformation<br \/>\npour quel d\u00e9veloppement ?\u00a0\u00bb (2013), ont largement contribu\u00e9 \u00e0 \u00e9clairer les<br \/>\nd\u00e9bats sur l&rsquo;exploitation des ressources naturelles en RDC et leurs impacts<br \/>\nsur les populations locales.\n<\/p>\n<figure>\n\t\t\t\t\t\t\t\t\t\t<img loading=\"lazy\" decoding=\"async\" width=\"960\" height=\"720\" src=\"https:\/\/infobestrdc.org\/wp-content\/uploads\/2024\/10\/WhatsApp-Image-2024-10-12-at-2.48.41-PM-1024x768.jpeg\" alt=\"\" srcset=\"https:\/\/infobestrdc.org\/wp-content\/uploads\/2024\/10\/WhatsApp-Image-2024-10-12-at-2.48.41-PM-1024x768.jpeg 1024w, https:\/\/infobestrdc.org\/wp-content\/uploads\/2024\/10\/WhatsApp-Image-2024-10-12-at-2.48.41-PM-300x225.jpeg 300w, https:\/\/infobestrdc.org\/wp-content\/uploads\/2024\/10\/WhatsApp-Image-2024-10-12-at-2.48.41-PM-768x576.jpeg 768w, https:\/\/infobestrdc.org\/wp-content\/uploads\/2024\/10\/WhatsApp-Image-2024-10-12-at-2.48.41-PM-1536x1152.jpeg 1536w, https:\/\/infobestrdc.org\/wp-content\/uploads\/2024\/10\/WhatsApp-Image-2024-10-12-at-2.48.41-PM.jpeg 1600w\" sizes=\"auto, (max-width: 960px) 100vw, 960px\" \/><figcaption><\/figcaption><\/figure>\n<h2>Un d\u00e9fenseur des communaut\u00e9s rurales<\/h2>\n<p>Le P\u00e8re De Failly, sj. s&rsquo;est engag\u00e9 sans rel\u00e2che pour la d\u00e9fense des droits des<br \/>\ncommunaut\u00e9s rurales, particuli\u00e8rement vuln\u00e9rables aux cons\u00e9quences de<br \/>\nl&rsquo;exploitation mini\u00e8re et des conflits arm\u00e9s. Il a men\u00e9 de nombreuses<br \/>\nmissions de terrain, particip\u00e9 \u00e0 des conf\u00e9rences internationales et plaid\u00e9<br \/>\naupr\u00e8s des d\u00e9cideurs politiques pour une meilleure prise en compte des<br \/>\nenjeux sociaux et environnementaux.<\/p>\n<h2>Un h\u00e9ritage durable<\/h2>\n<p>Le d\u00e9c\u00e8s du P\u00e8re De Failly, sj. en Belgique, le 8 juin 2015, a \u00e9t\u00e9 une grande<br \/>\nperte pour la RDC et pour toutes les personnes qui l&rsquo;ont c\u00f4toy\u00e9. Son<br \/>\nh\u00e9ritage demeure cependant vivace, inspirant de nouvelles g\u00e9n\u00e9rations<br \/>\nd&rsquo;acteurs du d\u00e9veloppement \u00e0 poursuivre son combat pour un avenir<br \/>\nmeilleur pour les populations du Sud-Kivu.<\/p>\n","protected":false},"excerpt":{"rendered":"<p>P\u00e8re Didier De Failly, sj. Un pilier du d\u00e9veloppement au Sud-Kivu Le P\u00e8re Didier De Failly, sj. j\u00e9suite belge, a consacr\u00e9 une grande partie de sa vie au service des communaut\u00e9s du Sud-Kivu en R\u00e9publique D\u00e9mocratique du Congo. Arriv\u00e9 en RDC en 1966, il a acquis une solide expertise en sociologie rurale et en d\u00e9veloppement [&hellip;]<\/p>\n","protected":false},"author":1,"featured_media":0,"parent":0,"menu_order":0,"comment_status":"closed","ping_status":"closed","template":"","meta":{"footnotes":""},"class_list":["post-2490","page","type-page","status-publish","hentry"],"_links":{"self":[{"href":"https:\/\/infobestrdc.org\/index.php\/wp-json\/wp\/v2\/pages\/2490","targetHints":{"allow":["GET"]}}],"collection":[{"href":"https:\/\/infobestrdc.org\/index.php\/wp-json\/wp\/v2\/pages"}],"about":[{"href":"https:\/\/infobestrdc.org\/index.php\/wp-json\/wp\/v2\/types\/page"}],"author":[{"embeddable":true,"href":"https:\/\/infobestrdc.org\/index.php\/wp-json\/wp\/v2\/users\/1"}],"replies":[{"embeddable":true,"href":"https:\/\/infobestrdc.org\/index.php\/wp-json\/wp\/v2\/comments?post=2490"}],"version-history":[{"count":28,"href":"https:\/\/infobestrdc.org\/index.php\/wp-json\/wp\/v2\/pages\/2490\/revisions"}],"predecessor-version":[{"id":3864,"href":"https:\/\/infobestrdc.org\/index.php\/wp-json\/wp\/v2\/pages\/2490\/revisions\/3864"}],"wp:attachment":[{"href":"https:\/\/infobestrdc.org\/index.php\/wp-json\/wp\/v2\/media?parent=2490"}],"curies":[{"name":"wp","href":"https:\/\/api.w.org\/{rel}","templated":true}]}}