{"id":2664,"date":"2024-10-16T22:00:47","date_gmt":"2024-10-16T20:00:47","guid":{"rendered":"https:\/\/infobestrdc.org\/?page_id=2664"},"modified":"2024-10-27T22:43:02","modified_gmt":"2024-10-27T21:43:02","slug":"projet-barometre","status":"publish","type":"page","link":"https:\/\/infobestrdc.org\/index.php\/projet-barometre\/","title":{"rendered":"Projet barometre"},"content":{"rendered":"<h2>Le Barom\u00e8tre National de la<br \/>\nResponsabilit\u00e9 Sociale des<br \/>\nEntreprises<br \/>\n<\/h2>\n<h2>2022 &#8211; 2026<\/h2>\n<h2>Partenaire Financier : The Fund For Global Human Rights <\/h2>\n<h2>La R\u00e9publique D\u00e9mocratique du Congo, riche en ressources min\u00e9rales, est au<br \/>\nc\u0153ur de la transition \u00e9nerg\u00e9tique mondiale. Ce positionnement strat\u00e9gique<br \/>\noffre une opportunit\u00e9 unique de d\u00e9veloppement \u00e9conomique et social.<br \/>\nCependant, l&rsquo;exploitation mini\u00e8re, si elle est essentielle pour l&rsquo;\u00e9conomie du<br \/>\npays, pose \u00e9galement des d\u00e9fis majeurs en termes d&rsquo;impacts sociaux et<br \/>\nenvironnementaux.<br \/>\nLa r\u00e9forme du code minier de 2018 a introduit l&rsquo;obligation pour les entreprises<br \/>\nmini\u00e8res d&rsquo;int\u00e9grer la Responsabilit\u00e9 Sociale des Entreprises (RSE) dans leurs<br \/>\nactivit\u00e9s. Toutefois, l&rsquo;\u00e9valuation de l&rsquo;application effective de ces obligations<br \/>\nreste limit\u00e9e.<br \/>\n<\/h2>\n<h2>\n\t\t\t\t\t\t\t\t\t\t\tObjectifs<br \/>\n\t\t\t\t\t\t\t\t\t\t<\/h2>\n<h2>Le Barom\u00e8tre National de la RSE vise \u00e0 :<\/h2>\n<ul>\n<li>\n<h3><a target=\"_blank\" rel=\"nofollow noopener\">\u00c9valuer la performance RSE des entreprises mini\u00e8res en RDC<\/a><\/h3>\n<p> En<br \/>\nanalysant de mani\u00e8re rigoureuse les pratiques de ces entreprises en<br \/>\nmati\u00e8re de droits humains, de protection de l&rsquo;environnement, de<br \/>\nd\u00e9veloppement communautaire et de sous-traitance.\n<\/p>\n<\/li>\n<li>\n<h3><a target=\"_blank\" rel=\"nofollow noopener\">Cr\u00e9er un r\u00e9f\u00e9rentiel national de la RSE<\/a><\/h3>\n<p>En d\u00e9finissant des indicateurs cl\u00e9s<br \/>\nde performance et en \u00e9tablissant des benchmarks pour le secteur minier.<\/p>\n<\/li>\n<li>\n<h3><a target=\"_blank\" rel=\"nofollow noopener\">Renforcer la transparence et la redevabilit\u00e9<\/a><\/h3>\n<p>En rendant publiques les<br \/>\ninformations sur les performances RSE des entreprises et en favorisant un<br \/>\ndialogue constructif entre les diff\u00e9rents acteurs<\/p>\n<\/li>\n<li>\n<h3><a target=\"_blank\" rel=\"nofollow noopener\">Promouvoir une exploitation mini\u00e8re responsable<\/a><\/h3>\n<p> En incitant les<br \/>\nentreprises \u00e0 adopter des pratiques plus durables et en sensibilisant les<br \/>\nparties prenantes aux enjeux de la RSE.<\/p>\n<\/li>\n<li>\n<h3><a target=\"_blank\" rel=\"nofollow noopener\">Contribuer \u00e0 l&rsquo;am\u00e9lioration des conditions de vie des populations locales<\/a><\/h3>\n<p>En favorisant un d\u00e9veloppement \u00e9conomique inclusif et en r\u00e9duisant les<br \/>\nimpacts n\u00e9gatifs de l&rsquo;exploitation mini\u00e8re.<\/p>\n<\/li>\n<\/ul>\n<p>\t\t\t\t\t\t\t\t\t\t\t\t\t<img loading=\"lazy\" decoding=\"async\" width=\"960\" height=\"720\" src=\"https:\/\/infobestrdc.org\/wp-content\/uploads\/2024\/10\/WhatsApp-Image-2024-10-16-at-3.24.19-PM-1024x768.jpeg\" alt=\"\" srcset=\"https:\/\/infobestrdc.org\/wp-content\/uploads\/2024\/10\/WhatsApp-Image-2024-10-16-at-3.24.19-PM-1024x768.jpeg 1024w, https:\/\/infobestrdc.org\/wp-content\/uploads\/2024\/10\/WhatsApp-Image-2024-10-16-at-3.24.19-PM-300x225.jpeg 300w, https:\/\/infobestrdc.org\/wp-content\/uploads\/2024\/10\/WhatsApp-Image-2024-10-16-at-3.24.19-PM-768x576.jpeg 768w, https:\/\/infobestrdc.org\/wp-content\/uploads\/2024\/10\/WhatsApp-Image-2024-10-16-at-3.24.19-PM-1536x1152.jpeg 1536w, https:\/\/infobestrdc.org\/wp-content\/uploads\/2024\/10\/WhatsApp-Image-2024-10-16-at-3.24.19-PM.jpeg 1600w\" sizes=\"auto, (max-width: 960px) 100vw, 960px\" \/>\t\t\t\t\t\t\t\t\t\t\t\t\t<\/p>\n<h2>\n\t\t\t\t\t\t\t\t\t\t\tImpacts<br \/>\n\t\t\t\t\t\t\t\t\t\t<\/h2>\n<p>\t\t\t\t\t\t\t\t\t\t\t\t\t<img loading=\"lazy\" decoding=\"async\" width=\"768\" height=\"631\" src=\"https:\/\/infobestrdc.org\/wp-content\/uploads\/2024\/10\/WhatsApp-Image-2024-10-16-at-3.25.59-PM-e1729116434841-768x631.jpeg\" alt=\"\" srcset=\"https:\/\/infobestrdc.org\/wp-content\/uploads\/2024\/10\/WhatsApp-Image-2024-10-16-at-3.25.59-PM-e1729116434841-768x631.jpeg 768w, https:\/\/infobestrdc.org\/wp-content\/uploads\/2024\/10\/WhatsApp-Image-2024-10-16-at-3.25.59-PM-e1729116434841-300x247.jpeg 300w, https:\/\/infobestrdc.org\/wp-content\/uploads\/2024\/10\/WhatsApp-Image-2024-10-16-at-3.25.59-PM-e1729116434841-1024x841.jpeg 1024w, https:\/\/infobestrdc.org\/wp-content\/uploads\/2024\/10\/WhatsApp-Image-2024-10-16-at-3.25.59-PM-e1729116434841.jpeg 1200w\" sizes=\"auto, (max-width: 768px) 100vw, 768px\" \/>\t\t\t\t\t\t\t\t\t\t\t\t\t<\/p>\n<h2>Ce projet devrait avoir un impact significatif sur diff\u00e9rents niveaux:<\/h2>\n<ul>\n<li>\n<h2><a target=\"_blank\" rel=\"nofollow noopener\">Pour les entreprises mini\u00e8res<\/a><\/h2>\n<p>Une meilleure compr\u00e9hension de leurs performances RSE, l&rsquo;identification des meilleures pratiques \u00e0 adopter et<br \/>\nune am\u00e9lioration de leur r\u00e9putation et de leur attractivit\u00e9.\n<\/p>\n<\/li>\n<li>\n<h2><a target=\"_blank\" rel=\"nofollow noopener\">Pour les communaut\u00e9s locales<\/a><\/h2>\n<p>Une am\u00e9lioration des conditions de vie,<br \/>\nune participation accrue aux d\u00e9cisions concernant l&rsquo;exploitation<br \/>\nmini\u00e8re et une meilleure protection de leurs droits.\n<\/p>\n<\/li>\n<li>\n<h2><a target=\"_blank\" rel=\"nofollow noopener\">Pour le gouvernement<\/a><\/h2>\n<p>Un outil d&rsquo;\u00e9valuation de l&rsquo;efficacit\u00e9 de la politique mini\u00e8re, une base de donn\u00e9es pour la prise de d\u00e9cision et un renforcement de la gouvernance du secteur minier<\/p>\n<\/li>\n<li>\n<h2><a target=\"_blank\" rel=\"nofollow noopener\">Pour la soci\u00e9t\u00e9 civile<\/a><\/h2>\n<p>Un outil de plaidoyer pour une exploitation mini\u00e8re responsable et une meilleure compr\u00e9hension des enjeux li\u00e9s \u00e0 la RSE.<\/p>\n<\/li>\n<li>\n<h2><a target=\"_blank\" rel=\"nofollow noopener\">Pour le secteur minier dans son ensemble<\/a><\/h2>\n<p>Une am\u00e9lioration de l&rsquo;image du secteur.<br \/>\net une contribution au d\u00e9veloppement durable du pays.<\/p>\n<\/li>\n<\/ul>\n<figure><img decoding=\"async\" src=\"https:\/\/infobestrdc.org\/wp-content\/uploads\/2024\/10\/WhatsApp-Image-2024-10-16-at-3.26.41-PM-300x225.jpeg\" alt=\"WhatsApp Image 2024-10-16 at 3.26.41 PM\" \/><\/figure>\n<figure><img decoding=\"async\" src=\"https:\/\/infobestrdc.org\/wp-content\/uploads\/2024\/10\/WhatsApp-Image-2024-10-16-at-3.24.19-PM-300x225.jpeg\" alt=\"WhatsApp Image 2024-10-16 at 3.24.19 PM\" \/><\/figure>\n<figure><img decoding=\"async\" src=\"https:\/\/infobestrdc.org\/wp-content\/uploads\/2024\/10\/WhatsApp-Image-2024-10-16-at-3.24.48-PM-300x225.jpeg\" alt=\"WhatsApp Image 2024-10-16 at 3.24.48 PM\" \/><\/figure>\n<figure><img decoding=\"async\" src=\"https:\/\/infobestrdc.org\/wp-content\/uploads\/2024\/10\/WhatsApp-Image-2024-10-16-at-3.25.59-PM-e1729116434841-300x247.jpeg\" alt=\"WhatsApp Image 2024-10-16 at 3.25.59 PM\" \/><\/figure>\n","protected":false},"excerpt":{"rendered":"<p>Le Barom\u00e8tre National de la Responsabilit\u00e9 Sociale des Entreprises 2022 &#8211; 2026 Partenaire Financier : The Fund For Global Human Rights La R\u00e9publique D\u00e9mocratique du Congo, riche en ressources min\u00e9rales, est au c\u0153ur de la transition \u00e9nerg\u00e9tique mondiale. Ce positionnement strat\u00e9gique offre une opportunit\u00e9 unique de d\u00e9veloppement \u00e9conomique et social. Cependant, l&rsquo;exploitation mini\u00e8re, si elle [&hellip;]<\/p>\n","protected":false},"author":1,"featured_media":0,"parent":0,"menu_order":0,"comment_status":"closed","ping_status":"closed","template":"","meta":{"footnotes":""},"class_list":["post-2664","page","type-page","status-publish","hentry"],"_links":{"self":[{"href":"https:\/\/infobestrdc.org\/index.php\/wp-json\/wp\/v2\/pages\/2664","targetHints":{"allow":["GET"]}}],"collection":[{"href":"https:\/\/infobestrdc.org\/index.php\/wp-json\/wp\/v2\/pages"}],"about":[{"href":"https:\/\/infobestrdc.org\/index.php\/wp-json\/wp\/v2\/types\/page"}],"author":[{"embeddable":true,"href":"https:\/\/infobestrdc.org\/index.php\/wp-json\/wp\/v2\/users\/1"}],"replies":[{"embeddable":true,"href":"https:\/\/infobestrdc.org\/index.php\/wp-json\/wp\/v2\/comments?post=2664"}],"version-history":[{"count":49,"href":"https:\/\/infobestrdc.org\/index.php\/wp-json\/wp\/v2\/pages\/2664\/revisions"}],"predecessor-version":[{"id":3995,"href":"https:\/\/infobestrdc.org\/index.php\/wp-json\/wp\/v2\/pages\/2664\/revisions\/3995"}],"wp:attachment":[{"href":"https:\/\/infobestrdc.org\/index.php\/wp-json\/wp\/v2\/media?parent=2664"}],"curies":[{"name":"wp","href":"https:\/\/api.w.org\/{rel}","templated":true}]}}