{"id":3943,"date":"2024-10-27T21:01:22","date_gmt":"2024-10-27T20:01:22","guid":{"rendered":"https:\/\/infobestrdc.org\/?page_id=3943"},"modified":"2024-10-27T22:33:27","modified_gmt":"2024-10-27T21:33:27","slug":"les-femmes-et-les-hommes-ensemble-organises-et-engages-pour-la-paixjuste-dans-leurs-communautes","status":"publish","type":"page","link":"https:\/\/infobestrdc.org\/index.php\/les-femmes-et-les-hommes-ensemble-organises-et-engages-pour-la-paixjuste-dans-leurs-communautes\/","title":{"rendered":"Les femmes et les hommes ensemble organis\u00e9s et engag\u00e9s pour la paixjuste dans leurs communaut\u00e9s"},"content":{"rendered":"<h2>Les femmes et les hommes ensemble organis\u00e9s et engag\u00e9s pour la paix<br \/>\njuste dans leurs communaut\u00e9s<\/h2>\n<h2>2022 &#8211; 2024<\/h2>\n<h2>Partenaire Financier : EIRENE<\/h2>\n<h2>Dans la r\u00e9gion des Grands Lacs, les conflits li\u00e9s \u00e0 l&#039;exploitation des ressources naturelles<br \/>\nsont une r\u00e9alit\u00e9 quotidienne.<\/h2>\n<h2>Bien que la RD Congo soit reconnu comme \u00e9tant la r\u00e9serve de grandes ressources capables<br \/>\nde donner les meilleures conditions de vie \u00e0 ses citoyens, l\u2019un des facteurs majeurs de la<br \/>\nfragilit\u00e9 de la RDC est li\u00e9 \u00e0 son histoire et son contexte des guerres et des conflits dont<br \/>\nl\u2019impact est largement n\u00e9gatif sur la capacit\u00e9 de l\u2019Etat \u00e0 assumer ses fonctions r\u00e9galiennes<br \/>\navec efficacit\u00e9 et responsabilit\u00e9.<\/h2>\n<h2>La spirale des conflits en R\u00e9publique D\u00e9mocratique du Congo est complexe, d\u2019abord d\u00fb \u00e0 la<br \/>\ndifficult\u00e9 de la d\u00e9crire et puis \u00e0 la circonscrire dans un contexte bien pr\u00e9cis. En RDC, les<br \/>\ncauses et les cons\u00e9quences des conflits s\u2019enchev\u00eatrent les unes les autres de mani\u00e8re qu\u2019il<br \/>\nest difficile de s\u00e9parer les secondes de premi\u00e8res.<\/h2>\n<h2>Les acteurs des conflits en RDC sont \u00e0 diff\u00e9rents niveaux suite aux diff\u00e9rentes implications et<br \/>\ncomplexit\u00e9s sociales, \u00e9conomiques, politiques, g\u00e9opolitiques et g\u00e9ostrat\u00e9giques que le<br \/>\nCongo pr\u00e9sente. Les principaux acteurs sont les leaders politiques, les notabilit\u00e9s locales,<br \/>\nles multinationales, les puissances r\u00e9gionales et internationales ainsi que la population elle-<br \/>\nm\u00eame dans la mesure o\u00f9 le recours \u00e0 la violence devient un moyen de se faire justice, \u00e0<br \/>\nd\u00e9faut de l\u2019autorit\u00e9 de l\u2019Etat. Ces conflits sont soutenus tr\u00e8s souvent par le manque de<br \/>\ncoordination dans la gestion et le contr\u00f4le des ressources naturelles \u00e0 savoir la for\u00eat, la terre,<br \/>\nles minerais et l\u2019eau. Ces conflits ont cr\u00e9\u00e9 des crises humanitaires et une limitation d\u2019acc\u00e8s<br \/>\naux personnes d\u00e9plac\u00e9es qui ont besoin de l\u2019aide<\/h2>\n<h2>Dans le Sud-Kivu, aux alentours de la ville de Bukavu, les tensions autour des mines d&#039;or<br \/>\nsont particuli\u00e8rement vives. Ces conflits affectent la vie de milliers de personnes, emp\u00eachant<br \/>\nle d\u00e9veloppement local et minant la coh\u00e9sion sociale.<\/h2>\n<h2>C&#039;est dans ce contexte que le Programme &quot;Les Femmes et les Hommes ensemble<br \/>\nOrganis\u00e9s et engag\u00e9s pour une Paix juste dans leurs Communaut\u00e9s\u201d est mis en \u0153uvre en<br \/>\npartenariat avec EIRENE au Burundi et en R\u00e9publique D\u00e9mocratique du Congo. Ce<br \/>\nprogramme comprend 3 volets dont la \u00ab\u00a0Gestion transparentes et \u00e9quitables de<br \/>\nressources extractives en RDC\u00a0\u00bb\u00a0; domaine dans lequel le BEST a d\u00e9velopp\u00e9 une grande<br \/>\nexpertise en travaillant activement sur les d\u00e9fis qui accompagnent l\u2019exploitation mini\u00e8re en<br \/>\nRDC. Ces d\u00e9fis s\u2019entrecroisent avec tous les probl\u00e8mes qui concernent les ressources<br \/>\nnaturelles en RDC, aussi bien dans le domaine du foncier que de l\u2019am\u00e9nagement du<br \/>\nterritoire en passant par la question des aires prot\u00e9g\u00e9s ainsi que la protection de<br \/>\nl\u2019environnement et de la biodiversit\u00e9.<\/h2>\n<h2>\n\t\t\t\t\t\t\t\t\t\t\tObjectifs<br \/>\n\t\t\t\t\t\t\t\t\t\t<\/h2>\n<p>\t\t\t\t\t\t\t\t\t\t\t\t\t<img loading=\"lazy\" decoding=\"async\" width=\"960\" height=\"720\" src=\"https:\/\/infobestrdc.org\/wp-content\/uploads\/2024\/10\/WhatsApp-Image-2024-10-16-at-3.24.19-PM-1024x768.jpeg\" alt=\"\" srcset=\"https:\/\/infobestrdc.org\/wp-content\/uploads\/2024\/10\/WhatsApp-Image-2024-10-16-at-3.24.19-PM-1024x768.jpeg 1024w, https:\/\/infobestrdc.org\/wp-content\/uploads\/2024\/10\/WhatsApp-Image-2024-10-16-at-3.24.19-PM-300x225.jpeg 300w, https:\/\/infobestrdc.org\/wp-content\/uploads\/2024\/10\/WhatsApp-Image-2024-10-16-at-3.24.19-PM-768x576.jpeg 768w, https:\/\/infobestrdc.org\/wp-content\/uploads\/2024\/10\/WhatsApp-Image-2024-10-16-at-3.24.19-PM-1536x1152.jpeg 1536w, https:\/\/infobestrdc.org\/wp-content\/uploads\/2024\/10\/WhatsApp-Image-2024-10-16-at-3.24.19-PM.jpeg 1600w\" sizes=\"auto, (max-width: 960px) 100vw, 960px\" \/>\t\t\t\t\t\t\t\t\t\t\t\t\t<\/p>\n<ul>\n<li>\n<h3><a target=\"_blank\" rel=\"nofollow noopener\"><\/a><\/h3>\n<p>Mettre en place les structures de dialogue locales qui rassemblent les acteurs<br \/>\ncl\u00e9s (l&#039;\u00c9tat local, les autorit\u00e9s traditionnelles et religieuses ainsi que les repr\u00e9sentants<br \/>\nlocaux des parties prenantes \u00e0 savoir l&#039;exploitation mini\u00e8re artisanale, le commerce<br \/>\nlocal, l&#039;agriculture et l&#039;\u00e9levage) en tenant compte d&#039;une participation \u00e9quilibr\u00e9e des<br \/>\ndeux sexes et de l&#039;int\u00e9r\u00eats communs.<\/p>\n<\/li>\n<li>\n<h3><a target=\"_blank\" rel=\"nofollow noopener\"><\/a><\/h3>\n<p>Former aux m\u00e9thodes et techniques de gestion et de transformation des<br \/>\nconflits afin d\u2019amener les membres des structures locales de dialogue \u00e0 d\u00e9velopper<br \/>\ndes comportements positifs (initiative, coexistence pacifique, tol\u00e9rance mutuelle,<br \/>\nvolont\u00e9 de dialogue, etc.).<\/p>\n<\/li>\n<li>\n<h3><a target=\"_blank\" rel=\"nofollow noopener\"><\/a><\/h3>\n<p>Organiser des tables rondes ou de rencontres de n\u00e9gociations bilat\u00e9rales pour<br \/>\nque les membres de structures de dialogue locales revendiquent les investissements<br \/>\nde d\u00e9veloppement aupr\u00e8s des entreprises et des autorit\u00e9s locales, et contr\u00f4lent<br \/>\nl&#039;utilisation de ces investissements au sein de leurs communaut\u00e9s locales<br \/>\nrespectives.<\/p>\n<\/li>\n<li>\n<h3><a target=\"_blank\" rel=\"nofollow noopener\"><\/a><\/h3>\n<p>Renforcer la coh\u00e9sion au sein des communaut\u00e9s \u00e0 travers les membres des<br \/>\nstructures de dialogue local pour le d\u00e9veloppement des initiatives communes de<br \/>\nplaidoyer aux niveaux local, provincial, national et r\u00e9gional pour promouvoir\/pr\u00e9server<br \/>\nles droits des communaut\u00e9s en mati\u00e8re d&#039;exploitation des ressources naturelles.<\/p>\n<\/li>\n<\/ul>\n<h2>\n\t\t\t\t\t\t\t\t\t\t\tNotre<br \/>\n\t\t\t\t\t\t\t\t\t\t\td\u00e9marche<br \/>\n\t\t\t\t\t\t\t\t\t\t<\/h2>\n<ul>\n<li>\n<h3><a target=\"_blank\" rel=\"nofollow noopener\"><\/a><\/h3>\n<p>La production des \u00e9tudes sur les grandes dynamiques de l\u2019acc\u00e8s, de contr\u00f4le et<br \/>\nl\u2019exploitation des ressources naturelles, y compris la question des droits des femmes<br \/>\net celle des pires formes du travail des enfants<\/p>\n<\/li>\n<li>\n<h3><a target=\"_blank\" rel=\"nofollow noopener\"><\/a><\/h3>\n<p>Formation des acteurs locaux pour renforcer les capacit\u00e9s des membres des<br \/>\ncommunaut\u00e9s en mati\u00e8re de gestion de conflits, de n\u00e9gociation et de plaidoyer.<\/p>\n<\/li>\n<li>\n<h3><a target=\"_blank\" rel=\"nofollow noopener\"><\/a><\/h3>\n<p>Mise en \u0153uvre de projets de d\u00e9veloppement, Soutien aux initiatives locales visant<br \/>\n\u00e0 am\u00e9liorer l&#039;acc\u00e8s \u00e0 l&#039;eau potable, \u00e0 la sant\u00e9, \u00e0 l&#039;\u00e9ducation et \u00e0 des revenus stables.<\/p>\n<\/li>\n<li>\n<h3><a target=\"_blank\" rel=\"nofollow noopener\"><\/a><\/h3>\n<p>Renforcer la coh\u00e9sion au sein des communaut\u00e9s \u00e0 travers les membres des<br \/>\nstructures de dialogue local pour le d\u00e9veloppement des initiatives communes de<br \/>\nplaidoyer aux niveaux local, provincial, national et r\u00e9gional pour promouvoir\/pr\u00e9server<br \/>\nles droits des communaut\u00e9s en mati\u00e8re d&#039;exploitation des ressources naturelles.<\/p>\n<\/li>\n<\/ul>\n<p>\t\t\t\t\t\t\t\t\t\t\t\t\t<img loading=\"lazy\" decoding=\"async\" width=\"960\" height=\"617\" src=\"https:\/\/infobestrdc.org\/wp-content\/uploads\/2024\/10\/RMS8824-1024x658.jpg\" alt=\"\" srcset=\"https:\/\/infobestrdc.org\/wp-content\/uploads\/2024\/10\/RMS8824-1024x658.jpg 1024w, https:\/\/infobestrdc.org\/wp-content\/uploads\/2024\/10\/RMS8824-300x193.jpg 300w, https:\/\/infobestrdc.org\/wp-content\/uploads\/2024\/10\/RMS8824-768x494.jpg 768w, https:\/\/infobestrdc.org\/wp-content\/uploads\/2024\/10\/RMS8824.jpg 1500w\" sizes=\"auto, (max-width: 960px) 100vw, 960px\" \/>\t\t\t\t\t\t\t\t\t\t\t\t\t<\/p>\n<h2>\n\t\t\t\t\t\t\t\t\t\t\tImpacts<br \/>\n\t\t\t\t\t\t\t\t\t\t<\/h2>\n<p>\t\t\t\t\t\t\t\t\t\t\t\t\t<img loading=\"lazy\" decoding=\"async\" width=\"768\" height=\"631\" src=\"https:\/\/infobestrdc.org\/wp-content\/uploads\/2024\/10\/WhatsApp-Image-2024-10-16-at-3.25.59-PM-e1729116434841-768x631.jpeg\" alt=\"\" srcset=\"https:\/\/infobestrdc.org\/wp-content\/uploads\/2024\/10\/WhatsApp-Image-2024-10-16-at-3.25.59-PM-e1729116434841-768x631.jpeg 768w, https:\/\/infobestrdc.org\/wp-content\/uploads\/2024\/10\/WhatsApp-Image-2024-10-16-at-3.25.59-PM-e1729116434841-300x247.jpeg 300w, https:\/\/infobestrdc.org\/wp-content\/uploads\/2024\/10\/WhatsApp-Image-2024-10-16-at-3.25.59-PM-e1729116434841-1024x841.jpeg 1024w, https:\/\/infobestrdc.org\/wp-content\/uploads\/2024\/10\/WhatsApp-Image-2024-10-16-at-3.25.59-PM-e1729116434841.jpeg 1200w\" sizes=\"auto, (max-width: 768px) 100vw, 768px\" \/>\t\t\t\t\t\t\t\t\t\t\t\t\t<\/p>\n<ul>\n<li>\n<h2><a target=\"_blank\" rel=\"nofollow noopener\"><\/a><\/h2>\n<p>Des communaut\u00e9s plus r\u00e9silientes face aux conflits sont mobilis\u00e9s et mieux<br \/>\norganis\u00e9es pour d\u00e9fendre leurs int\u00e9r\u00eats.<\/p>\n<\/li>\n<li>\n<h2><a target=\"_blank\" rel=\"nofollow noopener\"><\/a><\/h2>\n<p>De rapports contenants les preuves locales refl\u00e9tant les perspectives des groupes<br \/>\ncibles sont produits et vulgaris\u00e9s au sein des structures locales de dialogue\n<\/p>\n<\/li>\n<li>\n<h2><a target=\"_blank\" rel=\"nofollow noopener\"><\/a><\/h2>\n<p>Une gestion plus transparente et \u00e9quitable des ressources mini\u00e8res, b\u00e9n\u00e9ficiant \u00e0<br \/>\nl&#039;ensemble de la population et des initiatives \u00e9conomiques locales financ\u00e9s par les<br \/>\nentreprises.<\/p>\n<\/li>\n<li>\n<h2><a target=\"_blank\" rel=\"nofollow noopener\"><\/a><\/h2>\n<p>Un d\u00e9veloppement local durable bas\u00e9 sur les ressources locales et respectueux de<br \/>\nl&#039;environnement.<\/p>\n<\/li>\n<li>\n<h2><a target=\"_blank\" rel=\"nofollow noopener\"><\/a><\/h2>\n<p>Un renforcement du leadership coh\u00e9sif contribue \u00e0 l\u2019am\u00e9lioration du pouvoir de<br \/>\nn\u00e9gociation entre les compagnies mini\u00e8res et les communaut\u00e9s locales<\/p>\n<\/li>\n<\/ul>\n<figure><img decoding=\"async\" src=\"https:\/\/infobestrdc.org\/wp-content\/uploads\/2024\/10\/WhatsApp-Image-2024-10-16-at-3.26.41-PM-300x225.jpeg\" alt=\"WhatsApp Image 2024-10-16 at 3.26.41 PM\" \/><\/figure>\n<figure><img decoding=\"async\" src=\"https:\/\/infobestrdc.org\/wp-content\/uploads\/2024\/10\/WhatsApp-Image-2024-10-16-at-3.24.19-PM-300x225.jpeg\" alt=\"WhatsApp Image 2024-10-16 at 3.24.19 PM\" \/><\/figure>\n<figure><img decoding=\"async\" src=\"https:\/\/infobestrdc.org\/wp-content\/uploads\/2024\/10\/WhatsApp-Image-2024-10-16-at-3.24.48-PM-300x225.jpeg\" alt=\"WhatsApp Image 2024-10-16 at 3.24.48 PM\" \/><\/figure>\n<figure><img decoding=\"async\" src=\"https:\/\/infobestrdc.org\/wp-content\/uploads\/2024\/10\/WhatsApp-Image-2024-10-16-at-3.25.59-PM-e1729116434841-300x247.jpeg\" alt=\"WhatsApp Image 2024-10-16 at 3.25.59 PM\" \/><\/figure>\n","protected":false},"excerpt":{"rendered":"<p>Les femmes et les hommes ensemble organis\u00e9s et engag\u00e9s pour la paix juste dans leurs communaut\u00e9s 2022 &#8211; 2024 Partenaire Financier : EIRENE Dans la r\u00e9gion des Grands Lacs, les conflits li\u00e9s \u00e0 l&#039;exploitation des ressources naturelles sont une r\u00e9alit\u00e9 quotidienne. Bien que la RD Congo soit reconnu comme \u00e9tant la r\u00e9serve de grandes ressources [&hellip;]<\/p>\n","protected":false},"author":1,"featured_media":0,"parent":0,"menu_order":0,"comment_status":"closed","ping_status":"closed","template":"","meta":{"footnotes":""},"class_list":["post-3943","page","type-page","status-publish","hentry"],"_links":{"self":[{"href":"https:\/\/infobestrdc.org\/index.php\/wp-json\/wp\/v2\/pages\/3943","targetHints":{"allow":["GET"]}}],"collection":[{"href":"https:\/\/infobestrdc.org\/index.php\/wp-json\/wp\/v2\/pages"}],"about":[{"href":"https:\/\/infobestrdc.org\/index.php\/wp-json\/wp\/v2\/types\/page"}],"author":[{"embeddable":true,"href":"https:\/\/infobestrdc.org\/index.php\/wp-json\/wp\/v2\/users\/1"}],"replies":[{"embeddable":true,"href":"https:\/\/infobestrdc.org\/index.php\/wp-json\/wp\/v2\/comments?post=3943"}],"version-history":[{"count":22,"href":"https:\/\/infobestrdc.org\/index.php\/wp-json\/wp\/v2\/pages\/3943\/revisions"}],"predecessor-version":[{"id":3989,"href":"https:\/\/infobestrdc.org\/index.php\/wp-json\/wp\/v2\/pages\/3943\/revisions\/3989"}],"wp:attachment":[{"href":"https:\/\/infobestrdc.org\/index.php\/wp-json\/wp\/v2\/media?parent=3943"}],"curies":[{"name":"wp","href":"https:\/\/api.w.org\/{rel}","templated":true}]}}